{"id":4246,"date":"2013-04-12T17:14:10","date_gmt":"2013-04-12T15:14:10","guid":{"rendered":"http:\/\/www.needseondernemers.nl\/?page_id=4246"},"modified":"2026-02-04T18:46:27","modified_gmt":"2026-02-04T17:46:27","slug":"horeca","status":"publish","type":"page","link":"https:\/\/www.needseondernemers.nl\/?page_id=4246","title":{"rendered":"Horeca"},"content":{"rendered":"<p><a href=\"https:\/\/www.needseondernemers.nl\/wordpress\/wp-content\/uploads\/2013\/04\/HORECA.jpg\" rel=\"attachment wp-att-7653\"><img loading=\"lazy\" decoding=\"async\" class=\"alignleft size-medium wp-image-7653\" src=\"https:\/\/www.needseondernemers.nl\/wordpress\/wp-content\/uploads\/2013\/04\/HORECA-197x300.jpg\" alt=\"HORECA\" width=\"197\" height=\"300\" srcset=\"https:\/\/www.needseondernemers.nl\/wordpress\/wp-content\/uploads\/2013\/04\/HORECA-197x300.jpg 197w, https:\/\/www.needseondernemers.nl\/wordpress\/wp-content\/uploads\/2013\/04\/HORECA.jpg 229w\" sizes=\"auto, (max-width: 197px) 100vw, 197px\" \/><\/a><\/p>\n<ul>\n<li><strong><a href=\"https:\/\/www.needseondernemers.nl\/?page_id=7494\">Caf\u00e9 De Ruif<\/a><\/strong><\/li>\n<li><strong><a href=\"https:\/\/www.needseondernemers.nl\/?page_id=20807\">Caf\u00e9 De Vrienden<\/a><\/strong><\/li>\n<li><strong><a href=\"https:\/\/www.needseondernemers.nl\/?page_id=21853\">Caf\u00e9 Vally&#8217;s<\/a><\/strong><\/li>\n<li><strong><a href=\"https:\/\/www.needseondernemers.nl\/?page_id=9653\">Cafetaria Smulgrill<\/a><\/strong><\/li>\n<li><a href=\"https:\/\/www.needseondernemers.nl\/?page_id=21076\"><strong>Cafetaria &#8216;t Trefpunt<\/strong><\/a><\/li>\n<li><a href=\"https:\/\/www.needseondernemers.nl\/?page_id=22466\"><strong>De Oudestraat<\/strong><\/a><\/li>\n<li><strong><a href=\"https:\/\/www.needseondernemers.nl\/?page_id=1792\">Frankies &#8220;jungle&#8221; Bistro<\/a><\/strong><\/li>\n<li><strong><a href=\"https:\/\/www.needseondernemers.nl\/?page_id=11102\">Grand Caf\u00e9 Time For You<\/a><\/strong><\/li>\n<li><a href=\"https:\/\/www.needseondernemers.nl\/?page_id=21312\"><strong>Mart Kookt<\/strong><\/a><\/li>\n<li><a href=\"https:\/\/www.needseondernemers.nl\/?page_id=23218\"><strong>Moem&#8217;s<\/strong><\/a><\/li>\n<li><strong><a href=\"https:\/\/www.needseondernemers.nl\/?page_id=23329&#x2197;\">Het Wapen van Neede<\/a><\/strong><\/li>\n<\/ul>\n\n\n<p><\/p>\n","protected":false},"excerpt":{"rendered":"<p>Caf\u00e9 De Ruif Caf\u00e9 De Vrienden Caf\u00e9 Vally&#8217;s Cafetaria Smulgrill Cafetaria &#8216;t Trefpunt De Oudestraat Frankies &#8220;jungle&#8221; Bistro Grand Caf\u00e9 Time For You Mart Kookt Moem&#8217;s Het Wapen van Neede<\/p>\n","protected":false},"author":254,"featured_media":0,"parent":5974,"menu_order":0,"comment_status":"closed","ping_status":"closed","template":"","meta":{"footnotes":""},"class_list":["post-4246","page","type-page","status-publish","hentry"],"_links":{"self":[{"href":"https:\/\/www.needseondernemers.nl\/index.php?rest_route=\/wp\/v2\/pages\/4246","targetHints":{"allow":["GET"]}}],"collection":[{"href":"https:\/\/www.needseondernemers.nl\/index.php?rest_route=\/wp\/v2\/pages"}],"about":[{"href":"https:\/\/www.needseondernemers.nl\/index.php?rest_route=\/wp\/v2\/types\/page"}],"author":[{"embeddable":true,"href":"https:\/\/www.needseondernemers.nl\/index.php?rest_route=\/wp\/v2\/users\/254"}],"replies":[{"embeddable":true,"href":"https:\/\/www.needseondernemers.nl\/index.php?rest_route=%2Fwp%2Fv2%2Fcomments&post=4246"}],"version-history":[{"count":25,"href":"https:\/\/www.needseondernemers.nl\/index.php?rest_route=\/wp\/v2\/pages\/4246\/revisions"}],"predecessor-version":[{"id":23333,"href":"https:\/\/www.needseondernemers.nl\/index.php?rest_route=\/wp\/v2\/pages\/4246\/revisions\/23333"}],"up":[{"embeddable":true,"href":"https:\/\/www.needseondernemers.nl\/index.php?rest_route=\/wp\/v2\/pages\/5974"}],"wp:attachment":[{"href":"https:\/\/www.needseondernemers.nl\/index.php?rest_route=%2Fwp%2Fv2%2Fmedia&parent=4246"}],"curies":[{"name":"wp","href":"https:\/\/api.w.org\/{rel}","templated":true}]}}